{"id":2040,"date":"2024-08-27T12:26:30","date_gmt":"2024-08-27T12:26:30","guid":{"rendered":"https:\/\/melifen.com\/?page_id=2040"},"modified":"2024-09-23T02:09:25","modified_gmt":"2024-09-23T02:09:25","slug":"our-products","status":"publish","type":"page","link":"https:\/\/melifen.com\/es\/our-products\/","title":{"rendered":"Nuestros Productos"},"content":{"rendered":"<p>[et_pb_section fb_built=&#8221;1&#8243; admin_label=&#8221;Hero Section&#8221; _builder_version=&#8221;4.27.0&#8243; use_background_color_gradient=&#8221;on&#8221; background_color_gradient_stops=&#8221;rgba(0,0,0,0.5) 0%|rgba(0,0,0,0) 100%&#8221; background_color_gradient_start=&#8221;rgba(0,0,0,0.5)&#8221; background_color_gradient_end=&#8221;rgba(0,0,0,0)&#8221; background_image=&#8221;https:\/\/melifen.com\/wp-content\/uploads\/2024\/08\/tea_shop_27-2.jpg&#8221; parallax=&#8221;on&#8221; custom_margin=&#8221;|||&#8221; custom_padding=&#8221;8%||8%|&#8221; global_colors_info=&#8221;{}&#8221;][et_pb_row _builder_version=&#8221;4.16&#8243; background_size=&#8221;initial&#8221; background_position=&#8221;top_left&#8221; background_repeat=&#8221;repeat&#8221; global_colors_info=&#8221;{}&#8221;][et_pb_column type=&#8221;4_4&#8243; _builder_version=&#8221;4.16&#8243; custom_padding=&#8221;|||&#8221; global_colors_info=&#8221;{}&#8221; custom_padding__hover=&#8221;|||&#8221;][et_pb_text admin_label=&#8221;Title&#8221; _builder_version=&#8221;4.27.0&#8243; text_font=&#8221;Quattrocento||||||||&#8221; text_font_size=&#8221;22px&#8221; text_line_height=&#8221;2em&#8221; header_font=&#8221;Quattrocento|||on|||||&#8221; header_text_align=&#8221;left&#8221; header_font_size=&#8221;80px&#8221; header_letter_spacing=&#8221;6px&#8221; header_line_height=&#8221;1.4em&#8221; width_tablet=&#8221;&#8221; width_phone=&#8221;&#8221; width_last_edited=&#8221;on|desktop&#8221; max_width=&#8221;600px&#8221; module_alignment=&#8221;left&#8221; animation_style=&#8221;slide&#8221; animation_direction=&#8221;top&#8221; animation_duration=&#8221;300ms&#8221; animation_delay=&#8221;1ms&#8221; animation_intensity_slide=&#8221;3%&#8221; animation_starting_opacity=&#8221;100%&#8221; header_font_size_tablet=&#8221;40px&#8221; header_font_size_phone=&#8221;&#8221; header_font_size_last_edited=&#8221;on|tablet&#8221; global_colors_info=&#8221;{}&#8221;]<\/p>\n<h1>Nuestros Productos<\/h1>\n<p>En Melifen tenemos la convicci\u00f3n de que su interacci\u00f3n con nuestra oferta es tan vital como la calidad excepcional que ofrecemos, meticulosamente elaborada desde el coraz\u00f3n de Chile. Cada bocado encapsula una rica narrativa de tradici\u00f3n y fervor.<\/p>\n<p>[\/et_pb_text][\/et_pb_column][\/et_pb_row][\/et_pb_section][et_pb_section fb_built=&#8221;1&#8243; custom_padding_last_edited=&#8221;on|phone&#8221; admin_label=&#8221;Gallery Section&#8221; _builder_version=&#8221;4.27.0&#8243; background_color=&#8221;#E6E6E6&#8243; background_enable_pattern_style=&#8221;on&#8221; background_pattern_style=&#8221;confetti&#8221; background_pattern_color=&#8221;rgba(255,255,255,0.08)&#8221; custom_padding=&#8221;120px||120px|&#8221; custom_padding_tablet=&#8221;120px||120px|&#8221; custom_padding_phone=&#8221;40px||120px||false|false&#8221; global_colors_info=&#8221;{}&#8221;][et_pb_row _builder_version=&#8221;4.27.0&#8243; _module_preset=&#8221;default&#8221; max_width=&#8221;2002px&#8221; module_alignment=&#8221;center&#8221; global_colors_info=&#8221;{}&#8221;][et_pb_column type=&#8221;4_4&#8243; _builder_version=&#8221;4.27.0&#8243; _module_preset=&#8221;default&#8221; global_colors_info=&#8221;{}&#8221;][et_pb_code _builder_version=&#8221;4.27.0&#8243; _module_preset=&#8221;default&#8221; global_colors_info=&#8221;{}&#8221;]<a id=\"nuez\"><\/a>[\/et_pb_code][et_pb_text _builder_version=&#8221;4.27.0&#8243; _module_preset=&#8221;default&#8221; header_font=&#8221;Fira Sans||||||||&#8221; header_text_color=&#8221;#3E7C4E&#8221; header_font_size=&#8221;64px&#8221; header_font_size_tablet=&#8221;64px&#8221; header_font_size_phone=&#8221;36px&#8221; header_font_size_last_edited=&#8221;on|phone&#8221; global_colors_info=&#8221;{}&#8221;]<\/p>\n<h1>Nueces<\/h1>\n<p>[\/et_pb_text][et_pb_de_mach_archive_loop post_type_choose=&#8221;producto&#8221; loop_layout=&#8221;2652&#8243; filter_update_animation=&#8221;load-4&#8243; is_main_loop=&#8221;off&#8221; show_current_post=&#8221;on&#8221; related_content_categories=&#8221;post_cats&#8221; custom_tax_choose=&#8221;categoria_de_producto&#8221; include_taxomony=&#8221;nueces&#8221; include_sticky_posts=&#8221;off&#8221; sort_order=&#8221;acf_field&#8221; acf_sort_field=&#8221;field_66e4a8ef56e4c&#8221; link_whole_gird=&#8221;on&#8221; link_whole_gird_new_tab=&#8221;on&#8221; equal_height=&#8221;on&#8221; align_last_bottom=&#8221;on&#8221; columns_tablet=&#8221;3&#8243; custom_gutter_width=&#8221;on&#8221; gutter_row_gap=&#8221;60px&#8221; gutter_row_column=&#8221;60px&#8221; _builder_version=&#8221;4.27.0&#8243; _module_preset=&#8221;default&#8221; animation_style=&#8221;fade&#8221; animation_duration=&#8221;450ms&#8221; global_colors_info=&#8221;{}&#8221;][\/et_pb_de_mach_archive_loop][et_pb_code _builder_version=&#8221;4.27.0&#8243; _module_preset=&#8221;default&#8221; global_colors_info=&#8221;{}&#8221;]<a id=\"ofs\"><\/a>[\/et_pb_code][et_pb_text _builder_version=&#8221;4.27.0&#8243; _module_preset=&#8221;default&#8221; header_font=&#8221;Fira Sans||||||||&#8221; header_text_color=&#8221;#D8A545&#8243; header_font_size=&#8221;64px&#8221; min_height=&#8221;68px&#8221; custom_padding=&#8221;60px||||false|false&#8221; custom_padding_tablet=&#8221;60px||||false|false&#8221; custom_padding_phone=&#8221;20px||||false|false&#8221; custom_padding_last_edited=&#8221;on|phone&#8221; header_font_size_tablet=&#8221;64px&#8221; header_font_size_phone=&#8221;36px&#8221; header_font_size_last_edited=&#8221;on|phone&#8221; global_colors_info=&#8221;{}&#8221;]<\/p>\n<h1>Otros Frutos Secos<\/h1>\n<p>[\/et_pb_text][et_pb_de_mach_archive_loop post_type_choose=&#8221;producto&#8221; loop_layout=&#8221;2652&#8243; filter_update_animation=&#8221;load-4&#8243; is_main_loop=&#8221;off&#8221; show_current_post=&#8221;on&#8221; related_content_categories=&#8221;post_cats&#8221; custom_tax_choose=&#8221;categoria_de_producto&#8221; include_taxomony=&#8221;otros-frutos-secos&#8221; include_sticky_posts=&#8221;off&#8221; link_whole_gird=&#8221;on&#8221; link_whole_gird_new_tab=&#8221;on&#8221; equal_height=&#8221;on&#8221; align_last_bottom=&#8221;on&#8221; columns_tablet=&#8221;3&#8243; custom_gutter_width=&#8221;on&#8221; gutter_row_gap=&#8221;60px&#8221; gutter_row_column=&#8221;60px&#8221; admin_label=&#8221;Archive Loop &#8211; Divi Machine&#8221; _builder_version=&#8221;4.27.0&#8243; _module_preset=&#8221;default&#8221; animation_style=&#8221;fade&#8221; animation_duration=&#8221;450ms&#8221; global_colors_info=&#8221;{}&#8221;][\/et_pb_de_mach_archive_loop][\/et_pb_column][\/et_pb_row][\/et_pb_section][et_pb_section fb_built=&#8221;1&#8243; admin_label=&#8221;Subscription Section&#8221; _builder_version=&#8221;4.27.0&#8243; use_background_color_gradient=&#8221;on&#8221; background_color_gradient_stops=&#8221;rgba(99,99,99,0.6) 0%|rgba(0,0,0,0) 100%&#8221; background_color_gradient_overlays_image=&#8221;on&#8221; background_color_gradient_start=&#8221;rgba(99,99,99,0.6)&#8221; background_color_gradient_end=&#8221;rgba(0,0,0,0)&#8221; background_image=&#8221;https:\/\/melifen.com\/wp-content\/uploads\/2024\/08\/Bodegon-Nuez.jpg&#8221; parallax=&#8221;on&#8221; custom_padding=&#8221;159px||159px|&#8221; global_colors_info=&#8221;{}&#8221;][et_pb_row _builder_version=&#8221;4.16&#8243; locked=&#8221;off&#8221; global_colors_info=&#8221;{}&#8221;][et_pb_column type=&#8221;4_4&#8243; _builder_version=&#8221;4.16&#8243; custom_padding=&#8221;|||&#8221; global_colors_info=&#8221;{}&#8221; custom_padding__hover=&#8221;|||&#8221;][et_pb_text admin_label=&#8221;Title&#8221; _builder_version=&#8221;4.16&#8243; header_line_height=&#8221;1.2em&#8221; text_orientation=&#8221;center&#8221; background_layout=&#8221;dark&#8221; custom_margin=&#8221;||10px|&#8221; global_colors_info=&#8221;{}&#8221;]<\/p>\n<h2>Nueces Perfectas<\/h2>\n<h2>&amp; Frutos Secos<\/h2>\n<p>[\/et_pb_text][\/et_pb_column][\/et_pb_row][et_pb_row _builder_version=&#8221;4.16&#8243; custom_padding=&#8221;27px|0px|11px|0px&#8221; locked=&#8221;off&#8221; global_colors_info=&#8221;{}&#8221;][et_pb_column type=&#8221;4_4&#8243; _builder_version=&#8221;4.16&#8243; custom_padding=&#8221;|||&#8221; global_colors_info=&#8221;{}&#8221; custom_padding__hover=&#8221;|||&#8221;][et_pb_button button_url=&#8221;@ET-DC@eyJkeW5hbWljIjp0cnVlLCJjb250ZW50IjoicG9zdF9saW5rX3VybF9wYWdlIiwic2V0dGluZ3MiOnsicG9zdF9pZCI6IjI3MzUifX0=@&#8221; button_text=&#8221;Contact us&#8221; button_alignment=&#8221;center&#8221; _builder_version=&#8221;4.27.0&#8243; _dynamic_attributes=&#8221;button_url&#8221; custom_button=&#8221;on&#8221; button_text_size=&#8221;14px&#8221; button_text_color=&#8221;#ffffff&#8221; button_bg_color=&#8221;#93b786&#8243; button_border_width=&#8221;12px&#8221; button_border_color=&#8221;#93b786&#8243; button_border_radius=&#8221;0px&#8221; button_letter_spacing=&#8221;4px&#8221; button_font=&#8221;Nunito Sans|700||on|||||&#8221; button_icon=&#8221;&#x24;||divi||400&#8243; background_layout=&#8221;dark&#8221; custom_margin=&#8221;|||&#8221; animation_style=&#8221;slide&#8221; animation_direction=&#8221;top&#8221; animation_intensity_slide=&#8221;3%&#8221; animation_starting_opacity=&#8221;100%&#8221; global_colors_info=&#8221;{}&#8221; button_text_size__hover_enabled=&#8221;off&#8221; button_one_text_size__hover_enabled=&#8221;off&#8221; button_two_text_size__hover_enabled=&#8221;off&#8221; button_text_color__hover_enabled=&#8221;off&#8221; button_one_text_color__hover_enabled=&#8221;off&#8221; button_two_text_color__hover_enabled=&#8221;off&#8221; button_border_width__hover_enabled=&#8221;off&#8221; button_one_border_width__hover_enabled=&#8221;off&#8221; button_two_border_width__hover_enabled=&#8221;off&#8221; button_border_color__hover_enabled=&#8221;off&#8221; button_one_border_color__hover_enabled=&#8221;off&#8221; button_two_border_color__hover_enabled=&#8221;off&#8221; button_border_radius__hover_enabled=&#8221;off&#8221; button_one_border_radius__hover_enabled=&#8221;off&#8221; button_two_border_radius__hover_enabled=&#8221;off&#8221; button_letter_spacing__hover_enabled=&#8221;off&#8221; button_one_letter_spacing__hover_enabled=&#8221;off&#8221; button_two_letter_spacing__hover_enabled=&#8221;off&#8221; button_bg_color__hover_enabled=&#8221;off&#8221; button_one_bg_color__hover_enabled=&#8221;off&#8221; button_two_bg_color__hover_enabled=&#8221;off&#8221;][\/et_pb_button][\/et_pb_column][\/et_pb_row][\/et_pb_section]<\/p>","protected":false},"excerpt":{"rendered":"<p>Our Products In Melifen, we hold the conviction that your interaction with our offerings is as vital as the exceptional quality we deliver, meticulously crafted from the heart of Chile, where each bite encapsulates a rich narrative of tradition and fervor.WalnutsOther Dried FruitPerfect walnut &amp; dry fruit<\/p>","protected":false},"author":2,"featured_media":0,"parent":0,"menu_order":0,"comment_status":"closed","ping_status":"closed","template":"","meta":{"_acf_changed":false,"_et_pb_use_builder":"on","_et_pb_old_content":"","_et_gb_content_width":"","om_disable_all_campaigns":false,"inline_featured_image":false,"_monsterinsights_skip_tracking":false,"_monsterinsights_sitenote_active":false,"_monsterinsights_sitenote_note":"","_monsterinsights_sitenote_category":0,"_uf_show_specific_survey":0,"_uf_disable_surveys":false,"footnotes":""},"class_list":["post-2040","page","type-page","status-publish","hentry"],"acf":[],"jetpack_sharing_enabled":true,"_links":{"self":[{"href":"https:\/\/melifen.com\/es\/wp-json\/wp\/v2\/pages\/2040","targetHints":{"allow":["GET"]}}],"collection":[{"href":"https:\/\/melifen.com\/es\/wp-json\/wp\/v2\/pages"}],"about":[{"href":"https:\/\/melifen.com\/es\/wp-json\/wp\/v2\/types\/page"}],"author":[{"embeddable":true,"href":"https:\/\/melifen.com\/es\/wp-json\/wp\/v2\/users\/2"}],"replies":[{"embeddable":true,"href":"https:\/\/melifen.com\/es\/wp-json\/wp\/v2\/comments?post=2040"}],"version-history":[{"count":36,"href":"https:\/\/melifen.com\/es\/wp-json\/wp\/v2\/pages\/2040\/revisions"}],"predecessor-version":[{"id":3030,"href":"https:\/\/melifen.com\/es\/wp-json\/wp\/v2\/pages\/2040\/revisions\/3030"}],"wp:attachment":[{"href":"https:\/\/melifen.com\/es\/wp-json\/wp\/v2\/media?parent=2040"}],"curies":[{"name":"wp","href":"https:\/\/api.w.org\/{rel}","templated":true}]}}